{"id":12810,"date":"2021-11-06T11:54:08","date_gmt":"2021-11-06T14:54:08","guid":{"rendered":"https:\/\/laylascrapearts.com.br\/wp\/?post_type=product&#038;p=12810"},"modified":"2022-02-21T09:48:45","modified_gmt":"2022-02-21T12:48:45","slug":"titulos-em-acrilico-branco-portugues-waiting-for-ii","status":"publish","type":"product","link":"https:\/\/laylascrapearts.com.br\/wp\/produto\/titulos-em-acrilico-branco-portugues-waiting-for-ii\/","title":{"rendered":"T\u00edtulos em Acr\u00edlico Branco PORTUGU\u00caS WAITING FOR II"},"content":{"rendered":"<p><strong>T\u00edtulos Brancos em Portugu\u00eas 6 pe\u00e7as em acr\u00edlico adesivado\u00a0<\/strong><br \/>\nAcr\u00edlico t\u00edtulos Adesivados cor branca &#8211; 6 pe\u00e7as &#8211; espessura: 2mm<br \/>\nPalavras: Arco, -\u00edris, Viagem, Expectativa, Surpreedente e Carinho.<\/p>\n<p>A Cole\u00e7\u00e3o Waiting for 2 foi desenvolvida pela Carina Sartor com a mesma paleta da primeira vers\u00e3o, agora com elementos ainda mais fofos e muita op\u00e7\u00e3o de recorte em tons de coral, turquesa e krafts. Esta cole\u00e7\u00e3o celebra momentos de espera, ansiedade e muita for\u00e7a e supera\u00e7\u00e3o.<\/p>\n","protected":false},"excerpt":{"rendered":"<p>PRODUTO: T\u00edtulo Acr\u00edlico<br \/>\nCOLE\u00c7\u00c3O: Waiting For II<br \/>\nTEMA: Portugu\u00eas<\/p>\n<p>MATERIAL: Acr\u00edlico Branco Adesivado [&#8230;]<\/p>\n<p><a class=\"btn btn-secondary understrap-read-more-link\" href=\"https:\/\/laylascrapearts.com.br\/wp\/produto\/titulos-em-acrilico-branco-portugues-waiting-for-ii\/\">Leia mais&#8230;<\/a><\/p>\n","protected":false},"featured_media":12794,"comment_status":"open","ping_status":"closed","template":"","meta":[],"product_brand":[],"product_cat":[24,484],"product_tag":[463,1036,465,1289],"class_list":{"0":"post-12810","1":"product","2":"type-product","3":"status-publish","4":"has-post-thumbnail","6":"product_cat-acessorios","7":"product_cat-acrilicos","8":"product_tag-carina-sartor","9":"product_tag-titulo","10":"product_tag-viagem","11":"product_tag-waiting-for-ii","13":"first","14":"instock","15":"taxable","16":"shipping-taxable","17":"purchasable","18":"product-type-simple"},"_links":{"self":[{"href":"https:\/\/laylascrapearts.com.br\/wp\/wp-json\/wp\/v2\/product\/12810","targetHints":{"allow":["GET"]}}],"collection":[{"href":"https:\/\/laylascrapearts.com.br\/wp\/wp-json\/wp\/v2\/product"}],"about":[{"href":"https:\/\/laylascrapearts.com.br\/wp\/wp-json\/wp\/v2\/types\/product"}],"replies":[{"embeddable":true,"href":"https:\/\/laylascrapearts.com.br\/wp\/wp-json\/wp\/v2\/comments?post=12810"}],"wp:featuredmedia":[{"embeddable":true,"href":"https:\/\/laylascrapearts.com.br\/wp\/wp-json\/wp\/v2\/media\/12794"}],"wp:attachment":[{"href":"https:\/\/laylascrapearts.com.br\/wp\/wp-json\/wp\/v2\/media?parent=12810"}],"wp:term":[{"taxonomy":"product_brand","embeddable":true,"href":"https:\/\/laylascrapearts.com.br\/wp\/wp-json\/wp\/v2\/product_brand?post=12810"},{"taxonomy":"product_cat","embeddable":true,"href":"https:\/\/laylascrapearts.com.br\/wp\/wp-json\/wp\/v2\/product_cat?post=12810"},{"taxonomy":"product_tag","embeddable":true,"href":"https:\/\/laylascrapearts.com.br\/wp\/wp-json\/wp\/v2\/product_tag?post=12810"}],"curies":[{"name":"wp","href":"https:\/\/api.w.org\/{rel}","templated":true}]}}