{"id":12720,"date":"2021-11-05T09:46:26","date_gmt":"2021-11-05T12:46:26","guid":{"rendered":"https:\/\/laylascrapearts.com.br\/wp\/?post_type=product&#038;p=12720"},"modified":"2025-10-29T13:56:31","modified_gmt":"2025-10-29T16:56:31","slug":"crop-a-dile-alicate-aplicador-de-ilhos","status":"publish","type":"product","link":"https:\/\/laylascrapearts.com.br\/wp\/produto\/crop-a-dile-alicate-aplicador-de-ilhos\/","title":{"rendered":"Crop a Dile \u2013 Alicate Aplicador de Ilh\u00f3s ROS\u00c9 GOLD"},"content":{"rendered":"<p>A ferramenta queridinha da WeR Memory Keepers agora nessa cor linda!<\/p>\n<p>Ideal para perfurar e aplicar ilhoses e rebites de 1\/8&#8243; a 3\/16&#8243;, possui sistema com f\u00e1cil ajuste que permite encaixar v\u00e1rios tipos de ilhoses.<\/p>\n<p>A ferramenta exige pouca for\u00e7a no manuseio, possui sistema de trava para armazenamento e acompanha tamb\u00e9m guia de medi\u00e7\u00e3o.<\/p>\n<p>Ideal para diversos tipos e espessuras de materiais, como papel, chipboard, couro, alum\u00ednio fino, placa holler, pl\u00e1stico e mais!<\/p>\n<p>Indicada para trabalhos de arte e artesanato em geral!<\/p>\n","protected":false},"excerpt":{"rendered":"<p>PRODUTO: Crop-A-Dile \u2013 Aplicador de Ilh\u00f3s<\/p>\n<p>MARCA: WeR Memory Keepers<\/p>\n<p>EMBALAGEM COM 01 unidade<\/p>\n<p>EDI\u00c7\u00c3O ESPECIAL [&#8230;]<\/p>\n<p><a class=\"btn btn-secondary understrap-read-more-link\" href=\"https:\/\/laylascrapearts.com.br\/wp\/produto\/crop-a-dile-alicate-aplicador-de-ilhos\/\">Leia mais&#8230;<\/a><\/p>\n","protected":false},"featured_media":12721,"comment_status":"open","ping_status":"closed","template":"","meta":[],"product_brand":[],"product_cat":[1071,255],"product_tag":[],"class_list":{"0":"post-12720","1":"product","2":"type-product","3":"status-publish","4":"has-post-thumbnail","6":"product_cat-crop-a-dile","7":"product_cat-ferramentas","9":"first","10":"instock","11":"taxable","12":"shipping-taxable","13":"purchasable","14":"product-type-simple"},"_links":{"self":[{"href":"https:\/\/laylascrapearts.com.br\/wp\/wp-json\/wp\/v2\/product\/12720","targetHints":{"allow":["GET"]}}],"collection":[{"href":"https:\/\/laylascrapearts.com.br\/wp\/wp-json\/wp\/v2\/product"}],"about":[{"href":"https:\/\/laylascrapearts.com.br\/wp\/wp-json\/wp\/v2\/types\/product"}],"replies":[{"embeddable":true,"href":"https:\/\/laylascrapearts.com.br\/wp\/wp-json\/wp\/v2\/comments?post=12720"}],"wp:featuredmedia":[{"embeddable":true,"href":"https:\/\/laylascrapearts.com.br\/wp\/wp-json\/wp\/v2\/media\/12721"}],"wp:attachment":[{"href":"https:\/\/laylascrapearts.com.br\/wp\/wp-json\/wp\/v2\/media?parent=12720"}],"wp:term":[{"taxonomy":"product_brand","embeddable":true,"href":"https:\/\/laylascrapearts.com.br\/wp\/wp-json\/wp\/v2\/product_brand?post=12720"},{"taxonomy":"product_cat","embeddable":true,"href":"https:\/\/laylascrapearts.com.br\/wp\/wp-json\/wp\/v2\/product_cat?post=12720"},{"taxonomy":"product_tag","embeddable":true,"href":"https:\/\/laylascrapearts.com.br\/wp\/wp-json\/wp\/v2\/product_tag?post=12720"}],"curies":[{"name":"wp","href":"https:\/\/api.w.org\/{rel}","templated":true}]}}