{"id":12713,"date":"2021-11-05T09:31:27","date_gmt":"2021-11-05T12:31:27","guid":{"rendered":"https:\/\/laylascrapearts.com.br\/wp\/?post_type=product&#038;p=12713"},"modified":"2024-02-29T21:39:10","modified_gmt":"2024-03-01T00:39:10","slug":"crop-a-dile-aplicador-de-ilhos-big-bite","status":"publish","type":"product","link":"https:\/\/laylascrapearts.com.br\/wp\/produto\/crop-a-dile-aplicador-de-ilhos-big-bite\/","title":{"rendered":"Crop a Dile \u2013 Aplicador de Ilh\u00f3s &#8211; Big Bite"},"content":{"rendered":"<p>Ferramental ideal para perfurar e aplicar diversos tipos e tamanhos de ilhoses.<\/p>\n<p>Funciona como a Crop-a-Dile (Alicate), por\u00e9m perfura e faz aplica\u00e7\u00f5es com uma alavanca, o que permite alcan\u00e7ar at\u00e9 15cm de profundidade da borda em materiais como papel, couro, tecido, pl\u00e1stico, lata fina, entre outros.<\/p>\n<p>Ela \u00e9 robusta e exige pouca for\u00e7a em seu manuseio.<\/p>\n<p>&nbsp;<\/p>\n","protected":false},"excerpt":{"rendered":"<p>PRODUTO: Big Bite &#8211; Crop-A-Dile \u2013 Aplicador de Ilh\u00f3s<\/p>\n<p>MARCA: WeR Memory Keepers<\/p>\n<p>EMBALAGEM COM 01 unidade [&#8230;]<\/p>\n<p><a class=\"btn btn-secondary understrap-read-more-link\" href=\"https:\/\/laylascrapearts.com.br\/wp\/produto\/crop-a-dile-aplicador-de-ilhos-big-bite\/\">Leia mais&#8230;<\/a><\/p>\n","protected":false},"featured_media":12718,"comment_status":"open","ping_status":"closed","template":"","meta":[],"product_brand":[],"product_cat":[1071,255],"product_tag":[],"class_list":{"0":"post-12713","1":"product","2":"type-product","3":"status-publish","4":"has-post-thumbnail","6":"product_cat-crop-a-dile","7":"product_cat-ferramentas","9":"first","10":"instock","11":"taxable","12":"shipping-taxable","13":"purchasable","14":"product-type-simple"},"_links":{"self":[{"href":"https:\/\/laylascrapearts.com.br\/wp\/wp-json\/wp\/v2\/product\/12713","targetHints":{"allow":["GET"]}}],"collection":[{"href":"https:\/\/laylascrapearts.com.br\/wp\/wp-json\/wp\/v2\/product"}],"about":[{"href":"https:\/\/laylascrapearts.com.br\/wp\/wp-json\/wp\/v2\/types\/product"}],"replies":[{"embeddable":true,"href":"https:\/\/laylascrapearts.com.br\/wp\/wp-json\/wp\/v2\/comments?post=12713"}],"wp:featuredmedia":[{"embeddable":true,"href":"https:\/\/laylascrapearts.com.br\/wp\/wp-json\/wp\/v2\/media\/12718"}],"wp:attachment":[{"href":"https:\/\/laylascrapearts.com.br\/wp\/wp-json\/wp\/v2\/media?parent=12713"}],"wp:term":[{"taxonomy":"product_brand","embeddable":true,"href":"https:\/\/laylascrapearts.com.br\/wp\/wp-json\/wp\/v2\/product_brand?post=12713"},{"taxonomy":"product_cat","embeddable":true,"href":"https:\/\/laylascrapearts.com.br\/wp\/wp-json\/wp\/v2\/product_cat?post=12713"},{"taxonomy":"product_tag","embeddable":true,"href":"https:\/\/laylascrapearts.com.br\/wp\/wp-json\/wp\/v2\/product_tag?post=12713"}],"curies":[{"name":"wp","href":"https:\/\/api.w.org\/{rel}","templated":true}]}}