{"id":12622,"date":"2021-11-05T00:13:52","date_gmt":"2021-11-05T03:13:52","guid":{"rendered":"https:\/\/laylascrapearts.com.br\/wp\/?post_type=product&#038;p=12622"},"modified":"2024-02-28T00:26:46","modified_gmt":"2024-02-28T03:26:46","slug":"aplique-acrilico-janeiro-a-janeiro-tucano","status":"publish","type":"product","link":"https:\/\/laylascrapearts.com.br\/wp\/produto\/aplique-acrilico-janeiro-a-janeiro-tucano\/","title":{"rendered":"Aplique Acr\u00edlico Janeiro a Janeiro TUCANO"},"content":{"rendered":"<p>Cont\u00e9m 6 pe\u00e7as de acr\u00edlico.<br \/>\nIdeal para personalizar e decorar projetos de Scrapbook e artesanato.<\/p>\n","protected":false},"excerpt":{"rendered":"<p>PRODUTO: Aplique Acr\u00edlico<br \/>\nCOLE\u00c7\u00c3O: JANEIRO A JANEIRO<br \/>\nTEMA: Tucano<\/p>\n<p>MATERIAL: Acr\u00edlico Estampado [&#8230;]<\/p>\n<p><a class=\"btn btn-secondary understrap-read-more-link\" href=\"https:\/\/laylascrapearts.com.br\/wp\/produto\/aplique-acrilico-janeiro-a-janeiro-tucano\/\">Leia mais&#8230;<\/a><\/p>\n","protected":false},"featured_media":12624,"comment_status":"open","ping_status":"closed","template":"","meta":[],"product_brand":[],"product_cat":[24,484],"product_tag":[1287,354,21],"class_list":{"0":"post-12622","1":"product","2":"type-product","3":"status-publish","4":"has-post-thumbnail","6":"product_cat-acessorios","7":"product_cat-acrilicos","8":"product_tag-janeiro-a-janeiro","9":"product_tag-juju-scrapbook","10":"product_tag-tropical","12":"first","13":"instock","14":"taxable","15":"shipping-taxable","16":"purchasable","17":"product-type-simple"},"_links":{"self":[{"href":"https:\/\/laylascrapearts.com.br\/wp\/wp-json\/wp\/v2\/product\/12622","targetHints":{"allow":["GET"]}}],"collection":[{"href":"https:\/\/laylascrapearts.com.br\/wp\/wp-json\/wp\/v2\/product"}],"about":[{"href":"https:\/\/laylascrapearts.com.br\/wp\/wp-json\/wp\/v2\/types\/product"}],"replies":[{"embeddable":true,"href":"https:\/\/laylascrapearts.com.br\/wp\/wp-json\/wp\/v2\/comments?post=12622"}],"wp:featuredmedia":[{"embeddable":true,"href":"https:\/\/laylascrapearts.com.br\/wp\/wp-json\/wp\/v2\/media\/12624"}],"wp:attachment":[{"href":"https:\/\/laylascrapearts.com.br\/wp\/wp-json\/wp\/v2\/media?parent=12622"}],"wp:term":[{"taxonomy":"product_brand","embeddable":true,"href":"https:\/\/laylascrapearts.com.br\/wp\/wp-json\/wp\/v2\/product_brand?post=12622"},{"taxonomy":"product_cat","embeddable":true,"href":"https:\/\/laylascrapearts.com.br\/wp\/wp-json\/wp\/v2\/product_cat?post=12622"},{"taxonomy":"product_tag","embeddable":true,"href":"https:\/\/laylascrapearts.com.br\/wp\/wp-json\/wp\/v2\/product_tag?post=12622"}],"curies":[{"name":"wp","href":"https:\/\/api.w.org\/{rel}","templated":true}]}}