{"id":12523,"date":"2021-10-14T09:32:20","date_gmt":"2021-10-14T12:32:20","guid":{"rendered":"https:\/\/laylascrapearts.com.br\/wp\/?post_type=product&#038;p=12523"},"modified":"2021-11-16T09:58:34","modified_gmt":"2021-11-16T12:58:34","slug":"aplique-chipboard-em-camada-doces-lembrancas-candy","status":"publish","type":"product","link":"https:\/\/laylascrapearts.com.br\/wp\/produto\/aplique-chipboard-em-camada-doces-lembrancas-candy\/","title":{"rendered":"Aplique Chipboard em Camada Doces Lembran\u00e7as CANDY"},"content":{"rendered":"<p>Para quem ama volume, este aplique \u00e9 perfeito. Feito em camadas de chipboard revestido, ele cria um efeito 3D incr\u00edvel para seus projetos.<\/p>\n<p>Tamanho m\u00e9dio de cada aplique: 5 cm.<\/p>\n<p>Medida da cartela: 11&#215;18 cm.<\/p>\n","protected":false},"excerpt":{"rendered":"<p>PRODUTO: Cartela de Enfeites<br \/>\nCOLE\u00c7\u00c3O: DOCES LEMBRAN\u00c7AS<br \/>\nTEMA: Candy<br \/>\nMATERIAL: Chipboard Estampado [&#8230;]<\/p>\n<p><a class=\"btn btn-secondary understrap-read-more-link\" href=\"https:\/\/laylascrapearts.com.br\/wp\/produto\/aplique-chipboard-em-camada-doces-lembrancas-candy\/\">Leia mais&#8230;<\/a><\/p>\n","protected":false},"featured_media":12512,"comment_status":"open","ping_status":"closed","template":"","meta":[],"product_brand":[],"product_cat":[24,165],"product_tag":[254,365,333,201,1285],"class_list":{"0":"post-12523","1":"product","2":"type-product","3":"status-publish","4":"has-post-thumbnail","6":"product_cat-acessorios","7":"product_cat-chipboard-apliques","8":"product_tag-baby-boy","9":"product_tag-baby-girl","10":"product_tag-coracao","11":"product_tag-dany-peres","12":"product_tag-doces-lembrancas","14":"first","15":"instock","16":"taxable","17":"shipping-taxable","18":"purchasable","19":"product-type-simple"},"_links":{"self":[{"href":"https:\/\/laylascrapearts.com.br\/wp\/wp-json\/wp\/v2\/product\/12523","targetHints":{"allow":["GET"]}}],"collection":[{"href":"https:\/\/laylascrapearts.com.br\/wp\/wp-json\/wp\/v2\/product"}],"about":[{"href":"https:\/\/laylascrapearts.com.br\/wp\/wp-json\/wp\/v2\/types\/product"}],"replies":[{"embeddable":true,"href":"https:\/\/laylascrapearts.com.br\/wp\/wp-json\/wp\/v2\/comments?post=12523"}],"wp:featuredmedia":[{"embeddable":true,"href":"https:\/\/laylascrapearts.com.br\/wp\/wp-json\/wp\/v2\/media\/12512"}],"wp:attachment":[{"href":"https:\/\/laylascrapearts.com.br\/wp\/wp-json\/wp\/v2\/media?parent=12523"}],"wp:term":[{"taxonomy":"product_brand","embeddable":true,"href":"https:\/\/laylascrapearts.com.br\/wp\/wp-json\/wp\/v2\/product_brand?post=12523"},{"taxonomy":"product_cat","embeddable":true,"href":"https:\/\/laylascrapearts.com.br\/wp\/wp-json\/wp\/v2\/product_cat?post=12523"},{"taxonomy":"product_tag","embeddable":true,"href":"https:\/\/laylascrapearts.com.br\/wp\/wp-json\/wp\/v2\/product_tag?post=12523"}],"curies":[{"name":"wp","href":"https:\/\/api.w.org\/{rel}","templated":true}]}}