{"id":12280,"date":"2021-09-21T11:16:50","date_gmt":"2021-09-21T14:16:50","guid":{"rendered":"https:\/\/laylascrapearts.com.br\/?post_type=product&#038;p=12280"},"modified":"2024-12-12T16:17:31","modified_gmt":"2024-12-12T19:17:31","slug":"cartela-de-enfeites-madeirinha-tempo-de-celebrar-feliz-natal","status":"publish","type":"product","link":"https:\/\/laylascrapearts.com.br\/wp\/produto\/cartela-de-enfeites-madeirinha-tempo-de-celebrar-feliz-natal\/","title":{"rendered":"Cartela de Enfeites Madeirinha Tempo de Celebrar FELIZ NATAL"},"content":{"rendered":"<p>-Produto especialmente indicado para projetos de SCRAPBOOK, SCRAP DECOR e ARTES EM GERAL;<\/p>\n<p>-Para aplica-lo ao seu projeto, utilize colas livre de \u00e1cido, costurinhas, etc;<\/p>\n","protected":false},"excerpt":{"rendered":"<p>PRODUTO: Cartela de Enfeites<br \/>\nCOLE\u00c7\u00c3O: TEMPO DE CELEBRAR<br \/>\nTEMA: Feliz Natal<br \/>\nMATERIAL: Pinus<\/p>\n<p>PRODUTO EM PR\u00c9-VENDA<\/p>\n<p>LAN\u00c7AMENTO DA COLE\u00c7\u00c3O DIA 29\/SET\/2021 \u2013 ENTREGAS E RETIRADAS A PARTIR DESTA DATA [&#8230;]<\/p>\n<p><a class=\"btn btn-secondary understrap-read-more-link\" href=\"https:\/\/laylascrapearts.com.br\/wp\/produto\/cartela-de-enfeites-madeirinha-tempo-de-celebrar-feliz-natal\/\">Leia mais&#8230;<\/a><\/p>\n","protected":false},"featured_media":12307,"comment_status":"open","ping_status":"closed","template":"","meta":[],"product_brand":[],"product_cat":[24,208],"product_tag":[354,246,1277],"class_list":{"0":"post-12280","1":"product","2":"type-product","3":"status-publish","4":"has-post-thumbnail","6":"product_cat-acessorios","7":"product_cat-madeirinha","8":"product_tag-juju-scrapbook","9":"product_tag-natal","10":"product_tag-tempo-de-celebrar","12":"first","13":"instock","14":"taxable","15":"shipping-taxable","16":"purchasable","17":"product-type-simple"},"_links":{"self":[{"href":"https:\/\/laylascrapearts.com.br\/wp\/wp-json\/wp\/v2\/product\/12280","targetHints":{"allow":["GET"]}}],"collection":[{"href":"https:\/\/laylascrapearts.com.br\/wp\/wp-json\/wp\/v2\/product"}],"about":[{"href":"https:\/\/laylascrapearts.com.br\/wp\/wp-json\/wp\/v2\/types\/product"}],"replies":[{"embeddable":true,"href":"https:\/\/laylascrapearts.com.br\/wp\/wp-json\/wp\/v2\/comments?post=12280"}],"wp:featuredmedia":[{"embeddable":true,"href":"https:\/\/laylascrapearts.com.br\/wp\/wp-json\/wp\/v2\/media\/12307"}],"wp:attachment":[{"href":"https:\/\/laylascrapearts.com.br\/wp\/wp-json\/wp\/v2\/media?parent=12280"}],"wp:term":[{"taxonomy":"product_brand","embeddable":true,"href":"https:\/\/laylascrapearts.com.br\/wp\/wp-json\/wp\/v2\/product_brand?post=12280"},{"taxonomy":"product_cat","embeddable":true,"href":"https:\/\/laylascrapearts.com.br\/wp\/wp-json\/wp\/v2\/product_cat?post=12280"},{"taxonomy":"product_tag","embeddable":true,"href":"https:\/\/laylascrapearts.com.br\/wp\/wp-json\/wp\/v2\/product_tag?post=12280"}],"curies":[{"name":"wp","href":"https:\/\/api.w.org\/{rel}","templated":true}]}}