{"id":12277,"date":"2021-09-21T10:58:59","date_gmt":"2021-09-21T13:58:59","guid":{"rendered":"https:\/\/laylascrapearts.com.br\/?post_type=product&#038;p=12277"},"modified":"2024-02-27T15:23:22","modified_gmt":"2024-02-27T18:23:22","slug":"estrutura-para-shaker-box-tempo-de-celebrar-bola-natalina","status":"publish","type":"product","link":"https:\/\/laylascrapearts.com.br\/wp\/produto\/estrutura-para-shaker-box-tempo-de-celebrar-bola-natalina\/","title":{"rendered":"Estrutura para Shaker Box Tempo de Celebrar BOLA NATALINA"},"content":{"rendered":"<p>Kit estrutural em Chipboard para confec\u00e7\u00e3o de shaker box;<\/p>\n<p>Kit cont\u00e9m 04 Camadas (01 Chapada + 02 vazadas + 01 com Transpar\u00eancia)<\/p>\n<p>DICA pra \u2018rechear\u2019: mi\u00e7angas, Micro Beads, paet\u00eas, Lantejoulas e muito mais;<\/p>\n<p>DICA pra \u2018personalizar\u2019: t\u00e9cnicas e materiais, como: aquarela, glitter, emboss, flocagem, carimbeiras, marcador de texto etc.<\/p>\n<p>KIT COMP\u00d5E 01 UNIDADE<\/p>\n","protected":false},"excerpt":{"rendered":"<p>PRODUTO: Estrutura para Shaker Box<br \/>\nCOLE\u00c7\u00c3O: TEMPO DE CELEBRAR<br \/>\nTEMA: Bola Natalina<br \/>\nMATERIAL: Chipboard<\/p>\n<p>PRODUTO EM PR\u00c9-VENDA<\/p>\n<p>LAN\u00c7AMENTO DA COLE\u00c7\u00c3O DIA 29\/SET\/2021 \u2013 ENTREGAS E RETIRADAS A PARTIR DESTA DATA [&#8230;]<\/p>\n<p><a class=\"btn btn-secondary understrap-read-more-link\" href=\"https:\/\/laylascrapearts.com.br\/wp\/produto\/estrutura-para-shaker-box-tempo-de-celebrar-bola-natalina\/\">Leia mais&#8230;<\/a><\/p>\n","protected":false},"featured_media":12310,"comment_status":"open","ping_status":"closed","template":"","meta":[],"product_brand":[],"product_cat":[24,165,1092],"product_tag":[354,246,1277],"class_list":{"0":"post-12277","1":"product","2":"type-product","3":"status-publish","4":"has-post-thumbnail","6":"product_cat-acessorios","7":"product_cat-chipboard-apliques","8":"product_cat-shaker-box","9":"product_tag-juju-scrapbook","10":"product_tag-natal","11":"product_tag-tempo-de-celebrar","13":"first","14":"instock","15":"taxable","16":"shipping-taxable","17":"purchasable","18":"product-type-simple"},"_links":{"self":[{"href":"https:\/\/laylascrapearts.com.br\/wp\/wp-json\/wp\/v2\/product\/12277","targetHints":{"allow":["GET"]}}],"collection":[{"href":"https:\/\/laylascrapearts.com.br\/wp\/wp-json\/wp\/v2\/product"}],"about":[{"href":"https:\/\/laylascrapearts.com.br\/wp\/wp-json\/wp\/v2\/types\/product"}],"replies":[{"embeddable":true,"href":"https:\/\/laylascrapearts.com.br\/wp\/wp-json\/wp\/v2\/comments?post=12277"}],"wp:featuredmedia":[{"embeddable":true,"href":"https:\/\/laylascrapearts.com.br\/wp\/wp-json\/wp\/v2\/media\/12310"}],"wp:attachment":[{"href":"https:\/\/laylascrapearts.com.br\/wp\/wp-json\/wp\/v2\/media?parent=12277"}],"wp:term":[{"taxonomy":"product_brand","embeddable":true,"href":"https:\/\/laylascrapearts.com.br\/wp\/wp-json\/wp\/v2\/product_brand?post=12277"},{"taxonomy":"product_cat","embeddable":true,"href":"https:\/\/laylascrapearts.com.br\/wp\/wp-json\/wp\/v2\/product_cat?post=12277"},{"taxonomy":"product_tag","embeddable":true,"href":"https:\/\/laylascrapearts.com.br\/wp\/wp-json\/wp\/v2\/product_tag?post=12277"}],"curies":[{"name":"wp","href":"https:\/\/api.w.org\/{rel}","templated":true}]}}