{"id":1212,"date":"2019-09-05T22:42:55","date_gmt":"2019-09-06T01:42:55","guid":{"rendered":"http:\/\/laylascrapearts.com.br\/wp\/?post_type=product&#038;p=1212"},"modified":"2024-02-27T20:00:18","modified_gmt":"2024-02-27T23:00:18","slug":"cartela-de-carimbo-bandeirinhas","status":"publish","type":"product","link":"https:\/\/laylascrapearts.com.br\/wp\/produto\/cartela-de-carimbo-bandeirinhas\/","title":{"rendered":"Cartela de Carimbo BANDEIRINHAS"},"content":{"rendered":"<p><span lang=\"PT-BR\" style=\"font-size: 11.5pt; font-family: 'Segoe UI',sans-serif;\">-Produto especialmente indicado para projetos de SCRAPBOOK, SCRAP DECOR e ARTES EM GERAL;<\/span><\/p>\n<p><span lang=\"PT-BR\" style=\"font-size: 11.5pt; font-family: 'Segoe UI',sans-serif;\">-Para um melhor resultado no uso deste produto, utilize Bases Acr\u00edlicas ou de Precis\u00e3o como Precision Press, Stamp Press e etc.<\/span><\/p>\n","protected":false},"excerpt":{"rendered":"<p>PRODUTO: Cartela de Carimbos<br \/>\nCOLE\u00c7\u00c3O: ABRA\u00c7O DE URSO<br \/>\nTEMA: Bandeirinhas XG<br \/>\nMATERIAL: Silicone [&#8230;]<\/p>\n<p><a class=\"btn btn-secondary understrap-read-more-link\" href=\"https:\/\/laylascrapearts.com.br\/wp\/produto\/cartela-de-carimbo-bandeirinhas\/\">Leia mais&#8230;<\/a><\/p>\n","protected":false},"featured_media":1190,"comment_status":"open","ping_status":"closed","template":"","meta":[],"product_brand":[],"product_cat":[154,155],"product_tag":[360,281,527,724,740,723,354],"class_list":{"0":"post-1212","1":"product","2":"type-product","3":"status-publish","4":"has-post-thumbnail","6":"product_cat-carimbos","7":"product_cat-juju-scrapbook-carimbos","8":"product_tag-abraco-de-urso","9":"product_tag-amor","10":"product_tag-baby","11":"product_tag-boy","12":"product_tag-festa","13":"product_tag-girl","14":"product_tag-juju-scrapbook","16":"first","17":"instock","18":"taxable","19":"shipping-taxable","20":"purchasable","21":"product-type-simple"},"_links":{"self":[{"href":"https:\/\/laylascrapearts.com.br\/wp\/wp-json\/wp\/v2\/product\/1212","targetHints":{"allow":["GET"]}}],"collection":[{"href":"https:\/\/laylascrapearts.com.br\/wp\/wp-json\/wp\/v2\/product"}],"about":[{"href":"https:\/\/laylascrapearts.com.br\/wp\/wp-json\/wp\/v2\/types\/product"}],"replies":[{"embeddable":true,"href":"https:\/\/laylascrapearts.com.br\/wp\/wp-json\/wp\/v2\/comments?post=1212"}],"wp:featuredmedia":[{"embeddable":true,"href":"https:\/\/laylascrapearts.com.br\/wp\/wp-json\/wp\/v2\/media\/1190"}],"wp:attachment":[{"href":"https:\/\/laylascrapearts.com.br\/wp\/wp-json\/wp\/v2\/media?parent=1212"}],"wp:term":[{"taxonomy":"product_brand","embeddable":true,"href":"https:\/\/laylascrapearts.com.br\/wp\/wp-json\/wp\/v2\/product_brand?post=1212"},{"taxonomy":"product_cat","embeddable":true,"href":"https:\/\/laylascrapearts.com.br\/wp\/wp-json\/wp\/v2\/product_cat?post=1212"},{"taxonomy":"product_tag","embeddable":true,"href":"https:\/\/laylascrapearts.com.br\/wp\/wp-json\/wp\/v2\/product_tag?post=1212"}],"curies":[{"name":"wp","href":"https:\/\/api.w.org\/{rel}","templated":true}]}}