{"id":12047,"date":"2021-09-01T23:21:28","date_gmt":"2021-09-02T02:21:28","guid":{"rendered":"https:\/\/laylascrapearts.com.br\/?post_type=product&#038;p=12047"},"modified":"2021-09-01T23:21:56","modified_gmt":"2021-09-02T02:21:56","slug":"pagina-em-petg-305x305-colorful-moldura-quadrada","status":"publish","type":"product","link":"https:\/\/laylascrapearts.com.br\/wp\/produto\/pagina-em-petg-305x305-colorful-moldura-quadrada\/","title":{"rendered":"P\u00e1gina em PETG 30,5\u00d730,5 Colorful MOLDURA QUADRADA"},"content":{"rendered":"<p>P\u00e1gina para Scrapbook em PETG transparente<br \/>\nMoldura Quadrada recortada \u00e0 laser para criar projetos incr\u00edveis.<br \/>\nTamanho: 30,5\u00d730,5cm<br \/>\nEspessura 0,5mm<\/p>\n","protected":false},"excerpt":{"rendered":"<p>PRODUTO: P\u00e1gina em PETG<\/p>\n<p>MEDIDA: 30,5cm x 30,5cm<\/p>\n<p>Contem 01 unidade<\/p>\n<p>TEMA: Moldura Quadrada [&#8230;]<\/p>\n<p><a class=\"btn btn-secondary understrap-read-more-link\" href=\"https:\/\/laylascrapearts.com.br\/wp\/produto\/pagina-em-petg-305x305-colorful-moldura-quadrada\/\">Leia mais&#8230;<\/a><\/p>\n","protected":false},"featured_media":11992,"comment_status":"open","ping_status":"closed","template":"","meta":[],"product_brand":[],"product_cat":[24,1241],"product_tag":[463,252,446],"class_list":{"0":"post-12047","1":"product","2":"type-product","3":"status-publish","4":"has-post-thumbnail","6":"product_cat-acessorios","7":"product_cat-petg-acessorios","8":"product_tag-carina-sartor","9":"product_tag-colorful","10":"product_tag-moldura","12":"first","13":"instock","14":"taxable","15":"shipping-taxable","16":"purchasable","17":"product-type-simple"},"_links":{"self":[{"href":"https:\/\/laylascrapearts.com.br\/wp\/wp-json\/wp\/v2\/product\/12047","targetHints":{"allow":["GET"]}}],"collection":[{"href":"https:\/\/laylascrapearts.com.br\/wp\/wp-json\/wp\/v2\/product"}],"about":[{"href":"https:\/\/laylascrapearts.com.br\/wp\/wp-json\/wp\/v2\/types\/product"}],"replies":[{"embeddable":true,"href":"https:\/\/laylascrapearts.com.br\/wp\/wp-json\/wp\/v2\/comments?post=12047"}],"wp:featuredmedia":[{"embeddable":true,"href":"https:\/\/laylascrapearts.com.br\/wp\/wp-json\/wp\/v2\/media\/11992"}],"wp:attachment":[{"href":"https:\/\/laylascrapearts.com.br\/wp\/wp-json\/wp\/v2\/media?parent=12047"}],"wp:term":[{"taxonomy":"product_brand","embeddable":true,"href":"https:\/\/laylascrapearts.com.br\/wp\/wp-json\/wp\/v2\/product_brand?post=12047"},{"taxonomy":"product_cat","embeddable":true,"href":"https:\/\/laylascrapearts.com.br\/wp\/wp-json\/wp\/v2\/product_cat?post=12047"},{"taxonomy":"product_tag","embeddable":true,"href":"https:\/\/laylascrapearts.com.br\/wp\/wp-json\/wp\/v2\/product_tag?post=12047"}],"curies":[{"name":"wp","href":"https:\/\/api.w.org\/{rel}","templated":true}]}}