{"id":12038,"date":"2021-09-01T22:39:42","date_gmt":"2021-09-02T01:39:42","guid":{"rendered":"https:\/\/laylascrapearts.com.br\/?post_type=product&#038;p=12038"},"modified":"2021-09-01T22:39:42","modified_gmt":"2021-09-02T01:39:42","slug":"aplique-de-madeira-colorful","status":"publish","type":"product","link":"https:\/\/laylascrapearts.com.br\/wp\/produto\/aplique-de-madeira-colorful\/","title":{"rendered":"Aplique de Madeira COLORFUL"},"content":{"rendered":"<p><span style=\"color: #787878;\">Cont\u00e9m 10 fatias de madeira natural com di\u00e2metros variados entre 3 e 8 cm.<\/span><br \/>\n<span style=\"color: #787878;\">Imagens com tem\u00e1tica da cole\u00e7\u00e3o COLORFUL: <\/span>Frases, P\u00e1ssaro, \u00c1rvores, Patinhas e C\u00e2mera.<\/p>\n","protected":false},"excerpt":{"rendered":"<p>PRODUTO: Enfeite Madeirinha<br \/>\nCOLE\u00c7\u00c3O: Colorful<br \/>\nTEMA: Colorful<\/p>\n<p>MATERIAL: Madeira [&#8230;]<\/p>\n<p><a class=\"btn btn-secondary understrap-read-more-link\" href=\"https:\/\/laylascrapearts.com.br\/wp\/produto\/aplique-de-madeira-colorful\/\">Leia mais&#8230;<\/a><\/p>\n","protected":false},"featured_media":11984,"comment_status":"open","ping_status":"closed","template":"","meta":[],"product_brand":[],"product_cat":[24,208],"product_tag":[463,252],"class_list":{"0":"post-12038","1":"product","2":"type-product","3":"status-publish","4":"has-post-thumbnail","6":"product_cat-acessorios","7":"product_cat-madeirinha","8":"product_tag-carina-sartor","9":"product_tag-colorful","11":"first","12":"instock","13":"taxable","14":"shipping-taxable","15":"purchasable","16":"product-type-simple"},"_links":{"self":[{"href":"https:\/\/laylascrapearts.com.br\/wp\/wp-json\/wp\/v2\/product\/12038","targetHints":{"allow":["GET"]}}],"collection":[{"href":"https:\/\/laylascrapearts.com.br\/wp\/wp-json\/wp\/v2\/product"}],"about":[{"href":"https:\/\/laylascrapearts.com.br\/wp\/wp-json\/wp\/v2\/types\/product"}],"replies":[{"embeddable":true,"href":"https:\/\/laylascrapearts.com.br\/wp\/wp-json\/wp\/v2\/comments?post=12038"}],"wp:featuredmedia":[{"embeddable":true,"href":"https:\/\/laylascrapearts.com.br\/wp\/wp-json\/wp\/v2\/media\/11984"}],"wp:attachment":[{"href":"https:\/\/laylascrapearts.com.br\/wp\/wp-json\/wp\/v2\/media?parent=12038"}],"wp:term":[{"taxonomy":"product_brand","embeddable":true,"href":"https:\/\/laylascrapearts.com.br\/wp\/wp-json\/wp\/v2\/product_brand?post=12038"},{"taxonomy":"product_cat","embeddable":true,"href":"https:\/\/laylascrapearts.com.br\/wp\/wp-json\/wp\/v2\/product_cat?post=12038"},{"taxonomy":"product_tag","embeddable":true,"href":"https:\/\/laylascrapearts.com.br\/wp\/wp-json\/wp\/v2\/product_tag?post=12038"}],"curies":[{"name":"wp","href":"https:\/\/api.w.org\/{rel}","templated":true}]}}