{"id":12013,"date":"2021-09-01T20:50:51","date_gmt":"2021-09-01T23:50:51","guid":{"rendered":"https:\/\/laylascrapearts.com.br\/?post_type=product&#038;p=12013"},"modified":"2021-09-01T20:59:18","modified_gmt":"2021-09-01T23:59:18","slug":"titulos-em-acrilico-colorido-ingles-colorful","status":"publish","type":"product","link":"https:\/\/laylascrapearts.com.br\/wp\/produto\/titulos-em-acrilico-colorido-ingles-colorful\/","title":{"rendered":"T\u00edtulos em Acr\u00edlico Colorido INGL\u00caS COLORFUL"},"content":{"rendered":"<p>T\u00edtulos Coloridos em Ingl\u00eas<\/p>\n<p>Emabalagem com 5 pe\u00e7as em acr\u00edlico adesivado<\/p>\n<p>Acr\u00edlico t\u00edtulos Adesivados coloridos: branco, rosa claro, rosa escuro, lil\u00e1s e turquesa<br \/>\nPalavras: heart, sweet, kids, candy e funny<\/p>\n<p>Espessura: 2mm<\/p>\n","protected":false},"excerpt":{"rendered":"<p>PRODUTO: T\u00edtulo Acr\u00edlico<br \/>\nCOLE\u00c7\u00c3O: Colorful<br \/>\nTEMA: Ingl\u00eas<\/p>\n<p>MATERIAL: Acr\u00edlico Colorido Adesivado [&#8230;]<\/p>\n<p><a class=\"btn btn-secondary understrap-read-more-link\" href=\"https:\/\/laylascrapearts.com.br\/wp\/produto\/titulos-em-acrilico-colorido-ingles-colorful\/\">Leia mais&#8230;<\/a><\/p>\n","protected":false},"featured_media":12003,"comment_status":"open","ping_status":"closed","template":"","meta":[],"product_brand":[],"product_cat":[24,484],"product_tag":[463,252,1036],"class_list":{"0":"post-12013","1":"product","2":"type-product","3":"status-publish","4":"has-post-thumbnail","6":"product_cat-acessorios","7":"product_cat-acrilicos","8":"product_tag-carina-sartor","9":"product_tag-colorful","10":"product_tag-titulo","12":"first","13":"instock","14":"taxable","15":"shipping-taxable","16":"purchasable","17":"product-type-simple"},"_links":{"self":[{"href":"https:\/\/laylascrapearts.com.br\/wp\/wp-json\/wp\/v2\/product\/12013","targetHints":{"allow":["GET"]}}],"collection":[{"href":"https:\/\/laylascrapearts.com.br\/wp\/wp-json\/wp\/v2\/product"}],"about":[{"href":"https:\/\/laylascrapearts.com.br\/wp\/wp-json\/wp\/v2\/types\/product"}],"replies":[{"embeddable":true,"href":"https:\/\/laylascrapearts.com.br\/wp\/wp-json\/wp\/v2\/comments?post=12013"}],"wp:featuredmedia":[{"embeddable":true,"href":"https:\/\/laylascrapearts.com.br\/wp\/wp-json\/wp\/v2\/media\/12003"}],"wp:attachment":[{"href":"https:\/\/laylascrapearts.com.br\/wp\/wp-json\/wp\/v2\/media?parent=12013"}],"wp:term":[{"taxonomy":"product_brand","embeddable":true,"href":"https:\/\/laylascrapearts.com.br\/wp\/wp-json\/wp\/v2\/product_brand?post=12013"},{"taxonomy":"product_cat","embeddable":true,"href":"https:\/\/laylascrapearts.com.br\/wp\/wp-json\/wp\/v2\/product_cat?post=12013"},{"taxonomy":"product_tag","embeddable":true,"href":"https:\/\/laylascrapearts.com.br\/wp\/wp-json\/wp\/v2\/product_tag?post=12013"}],"curies":[{"name":"wp","href":"https:\/\/api.w.org\/{rel}","templated":true}]}}