{"id":11568,"date":"2021-07-14T11:30:12","date_gmt":"2021-07-14T14:30:12","guid":{"rendered":"https:\/\/laylascrapearts.com.br\/?post_type=product&#038;p=11568"},"modified":"2024-09-08T15:27:44","modified_gmt":"2024-09-08T18:27:44","slug":"kit-de-botoes-por-do-sol","status":"publish","type":"product","link":"https:\/\/laylascrapearts.com.br\/wp\/produto\/kit-de-botoes-por-do-sol\/","title":{"rendered":"Kit de Bot\u00f5es P\u00d4R DO SOL"},"content":{"rendered":"<p>Kit de bot\u00f5es perfeitos para os seus projetos de Scrapbook!<br \/>\nO tubete cont\u00e9m aproximadamente 109 bot\u00f5es nos tamanhos:<br \/>\nP: 0,8 cm<br \/>\nM: 1,0 cm<br \/>\nG: 1,1 cm<br \/>\nCom 3 tonalidades diferentes da mesma cor que combinam com todas as nossas cole\u00e7\u00f5es. Ideal para deixar seus projetos mais divertidos e alegres, podem ser fixados com cola, fita dupla face e at\u00e9 mesmo costurados.<\/p>\n","protected":false},"excerpt":{"rendered":"<p>PRODUTO: Kit de Bot\u00f5es<\/p>\n<p>TEMA: P\u00f4r do Sol<\/p>\n<p>MARCA: Juj SCrapbook<\/p>\n<p>Embalagem com aproximadamente 109 Bot\u00f5es em 03 tons de AMARELO [&#8230;]<\/p>\n<p><a class=\"btn btn-secondary understrap-read-more-link\" href=\"https:\/\/laylascrapearts.com.br\/wp\/produto\/kit-de-botoes-por-do-sol\/\">Leia mais&#8230;<\/a><\/p>\n","protected":false},"featured_media":11569,"comment_status":"open","ping_status":"closed","template":"","meta":[],"product_brand":[],"product_cat":[24,239],"product_tag":[354],"class_list":{"0":"post-11568","1":"product","2":"type-product","3":"status-publish","4":"has-post-thumbnail","6":"product_cat-acessorios","7":"product_cat-botoes","8":"product_tag-juju-scrapbook","10":"first","11":"instock","12":"taxable","13":"shipping-taxable","14":"purchasable","15":"product-type-simple"},"_links":{"self":[{"href":"https:\/\/laylascrapearts.com.br\/wp\/wp-json\/wp\/v2\/product\/11568","targetHints":{"allow":["GET"]}}],"collection":[{"href":"https:\/\/laylascrapearts.com.br\/wp\/wp-json\/wp\/v2\/product"}],"about":[{"href":"https:\/\/laylascrapearts.com.br\/wp\/wp-json\/wp\/v2\/types\/product"}],"replies":[{"embeddable":true,"href":"https:\/\/laylascrapearts.com.br\/wp\/wp-json\/wp\/v2\/comments?post=11568"}],"wp:featuredmedia":[{"embeddable":true,"href":"https:\/\/laylascrapearts.com.br\/wp\/wp-json\/wp\/v2\/media\/11569"}],"wp:attachment":[{"href":"https:\/\/laylascrapearts.com.br\/wp\/wp-json\/wp\/v2\/media?parent=11568"}],"wp:term":[{"taxonomy":"product_brand","embeddable":true,"href":"https:\/\/laylascrapearts.com.br\/wp\/wp-json\/wp\/v2\/product_brand?post=11568"},{"taxonomy":"product_cat","embeddable":true,"href":"https:\/\/laylascrapearts.com.br\/wp\/wp-json\/wp\/v2\/product_cat?post=11568"},{"taxonomy":"product_tag","embeddable":true,"href":"https:\/\/laylascrapearts.com.br\/wp\/wp-json\/wp\/v2\/product_tag?post=11568"}],"curies":[{"name":"wp","href":"https:\/\/api.w.org\/{rel}","templated":true}]}}