{"id":11518,"date":"2021-07-07T19:01:26","date_gmt":"2021-07-07T22:01:26","guid":{"rendered":"https:\/\/laylascrapearts.com.br\/?post_type=product&#038;p=11518"},"modified":"2024-03-02T02:20:40","modified_gmt":"2024-03-02T05:20:40","slug":"aplique-em-camada-de-chipboard-meu-heroi","status":"publish","type":"product","link":"https:\/\/laylascrapearts.com.br\/wp\/produto\/aplique-em-camada-de-chipboard-meu-heroi\/","title":{"rendered":"Aplique em Camada de Chipboard \u2013 MEU HER\u00d3I"},"content":{"rendered":"<p>Aplique em CAMADA Chipboard<\/p>\n<p>Medida Aproximada: 6cm x 3,9cm<\/p>\n<p>Embalagem cont\u00e9m 03 pe\u00e7as = 01 t\u00edtulo<\/p>\n<p>N\u00c3O \u00c9 COLORIDO!<\/p>\n<p>Voc\u00ea pode colorir com carimbeiras, tintas spray, glitter, emboss e muito mais, para combinar com o seu projeto!<\/p>\n","protected":false},"excerpt":{"rendered":"<p>PRODUTO: T\u00edtulo em CAMADA de Chipboard<br \/>\nTEMA: MEU HER\u00d3I<\/p>\n<p>MEDIDA APROXIMADA: 6cm x 3,9cm<\/p>\n<p>MATERIAL: Chipboard<\/p>\n<p>Embalagem com 03 pe\u00e7as = 01 t\u00edtulo [&#8230;]<\/p>\n<p><a class=\"btn btn-secondary understrap-read-more-link\" href=\"https:\/\/laylascrapearts.com.br\/wp\/produto\/aplique-em-camada-de-chipboard-meu-heroi\/\">Leia mais&#8230;<\/a><\/p>\n","protected":false},"featured_media":11511,"comment_status":"open","ping_status":"closed","template":"","meta":[],"product_brand":[],"product_cat":[24,165],"product_tag":[1263,1036],"class_list":{"0":"post-11518","1":"product","2":"type-product","3":"status-publish","4":"has-post-thumbnail","6":"product_cat-acessorios","7":"product_cat-chipboard-apliques","8":"product_tag-dia-dos-pais","9":"product_tag-titulo","11":"first","12":"instock","13":"taxable","14":"shipping-taxable","15":"purchasable","16":"product-type-simple"},"_links":{"self":[{"href":"https:\/\/laylascrapearts.com.br\/wp\/wp-json\/wp\/v2\/product\/11518","targetHints":{"allow":["GET"]}}],"collection":[{"href":"https:\/\/laylascrapearts.com.br\/wp\/wp-json\/wp\/v2\/product"}],"about":[{"href":"https:\/\/laylascrapearts.com.br\/wp\/wp-json\/wp\/v2\/types\/product"}],"replies":[{"embeddable":true,"href":"https:\/\/laylascrapearts.com.br\/wp\/wp-json\/wp\/v2\/comments?post=11518"}],"wp:featuredmedia":[{"embeddable":true,"href":"https:\/\/laylascrapearts.com.br\/wp\/wp-json\/wp\/v2\/media\/11511"}],"wp:attachment":[{"href":"https:\/\/laylascrapearts.com.br\/wp\/wp-json\/wp\/v2\/media?parent=11518"}],"wp:term":[{"taxonomy":"product_brand","embeddable":true,"href":"https:\/\/laylascrapearts.com.br\/wp\/wp-json\/wp\/v2\/product_brand?post=11518"},{"taxonomy":"product_cat","embeddable":true,"href":"https:\/\/laylascrapearts.com.br\/wp\/wp-json\/wp\/v2\/product_cat?post=11518"},{"taxonomy":"product_tag","embeddable":true,"href":"https:\/\/laylascrapearts.com.br\/wp\/wp-json\/wp\/v2\/product_tag?post=11518"}],"curies":[{"name":"wp","href":"https:\/\/api.w.org\/{rel}","templated":true}]}}