{"id":11477,"date":"2021-07-07T17:03:31","date_gmt":"2021-07-07T20:03:31","guid":{"rendered":"https:\/\/laylascrapearts.com.br\/?post_type=product&#038;p=11477"},"modified":"2025-11-14T18:31:41","modified_gmt":"2025-11-14T21:31:41","slug":"elastico-rolico-vermelho","status":"publish","type":"product","link":"https:\/\/laylascrapearts.com.br\/wp\/produto\/elastico-rolico-vermelho\/","title":{"rendered":"El\u00e1stico Roli\u00e7o VERMELHO"},"content":{"rendered":"<p>El\u00e1stico Roli\u00e7o com terminal, indicado para produtos artesanais como agenda, caixas e etc.<\/p>\n<p>Medida Aproximada: 23cm x 0,3cm<\/p>\n<p>POSSUI ACABAMENTO EM METAL (Terminal prata)<\/p>\n<p>Embalagem com 5unds<\/p>\n","protected":false},"excerpt":{"rendered":"<p>PRODUTO: El\u00e1stico Roli\u00e7o COM TERMINAL<br \/>\nMEDIDA: 23cm x 0,3cm<br \/>\nCOR: Vermelho<\/p>\n<p>EL\u00c1STICO COM TERMINAL PRATA [&#8230;]<\/p>\n<p><a class=\"btn btn-secondary understrap-read-more-link\" href=\"https:\/\/laylascrapearts.com.br\/wp\/produto\/elastico-rolico-vermelho\/\">Leia mais&#8230;<\/a><\/p>\n","protected":false},"featured_media":11474,"comment_status":"open","ping_status":"closed","template":"","meta":[],"product_brand":[],"product_cat":[24,1261],"product_tag":[],"class_list":{"0":"post-11477","1":"product","2":"type-product","3":"status-publish","4":"has-post-thumbnail","6":"product_cat-acessorios","7":"product_cat-elastico","9":"first","10":"instock","11":"taxable","12":"shipping-taxable","13":"purchasable","14":"product-type-simple"},"_links":{"self":[{"href":"https:\/\/laylascrapearts.com.br\/wp\/wp-json\/wp\/v2\/product\/11477","targetHints":{"allow":["GET"]}}],"collection":[{"href":"https:\/\/laylascrapearts.com.br\/wp\/wp-json\/wp\/v2\/product"}],"about":[{"href":"https:\/\/laylascrapearts.com.br\/wp\/wp-json\/wp\/v2\/types\/product"}],"replies":[{"embeddable":true,"href":"https:\/\/laylascrapearts.com.br\/wp\/wp-json\/wp\/v2\/comments?post=11477"}],"wp:featuredmedia":[{"embeddable":true,"href":"https:\/\/laylascrapearts.com.br\/wp\/wp-json\/wp\/v2\/media\/11474"}],"wp:attachment":[{"href":"https:\/\/laylascrapearts.com.br\/wp\/wp-json\/wp\/v2\/media?parent=11477"}],"wp:term":[{"taxonomy":"product_brand","embeddable":true,"href":"https:\/\/laylascrapearts.com.br\/wp\/wp-json\/wp\/v2\/product_brand?post=11477"},{"taxonomy":"product_cat","embeddable":true,"href":"https:\/\/laylascrapearts.com.br\/wp\/wp-json\/wp\/v2\/product_cat?post=11477"},{"taxonomy":"product_tag","embeddable":true,"href":"https:\/\/laylascrapearts.com.br\/wp\/wp-json\/wp\/v2\/product_tag?post=11477"}],"curies":[{"name":"wp","href":"https:\/\/api.w.org\/{rel}","templated":true}]}}