{"id":11240,"date":"2021-06-04T18:43:49","date_gmt":"2021-06-04T21:43:49","guid":{"rendered":"https:\/\/laylascrapearts.com.br\/?post_type=product&#038;p=11240"},"modified":"2024-06-11T03:26:04","modified_gmt":"2024-06-11T06:26:04","slug":"kit-colecao-homemade-love-6f","status":"publish","type":"product","link":"https:\/\/laylascrapearts.com.br\/wp\/produto\/kit-colecao-homemade-love-6f\/","title":{"rendered":"Kit Cole\u00e7\u00e3o HOMEMADE LOVE 6F"},"content":{"rendered":"<p>LIVRE DE \u00c1CIDO\/ ACID FREE<\/p>\n<p>-Produto especialmente indicado para projetos de SCRAPBOOK, SCRAP DECOR e ARTES EM GERAL;<\/p>\n<p>-Kit com 06 Folhas Dupla Face \u2013 01 DE CADA MODELO DA COLE\u00c7\u00c3O;<\/p>\n","protected":false},"excerpt":{"rendered":"<p>PRODUTO: Kit Cole\u00e7\u00e3o<br \/>\nCOLE\u00c7\u00c3O: HOMEMADE LOVE<br \/>\nMARCA: Dany Peres<br \/>\nMedida: 30,5CM X 30,5CM<br \/>\nCONTEM 06 FOLHAS DUPLA FACE [&#8230;]<\/p>\n<p><a class=\"btn btn-secondary understrap-read-more-link\" href=\"https:\/\/laylascrapearts.com.br\/wp\/produto\/kit-colecao-homemade-love-6f\/\">Leia mais&#8230;<\/a><\/p>\n","protected":false},"featured_media":11241,"comment_status":"open","ping_status":"closed","template":"","meta":[],"product_brand":[],"product_cat":[106,42],"product_tag":[201,1251,706],"class_list":{"0":"post-11240","1":"product","2":"type-product","3":"status-publish","4":"has-post-thumbnail","6":"product_cat-dany-peres","7":"product_cat-papeis","8":"product_tag-dany-peres","9":"product_tag-homemade-love","10":"product_tag-kit-colecao","12":"first","13":"instock","14":"taxable","15":"shipping-taxable","16":"purchasable","17":"product-type-simple"},"_links":{"self":[{"href":"https:\/\/laylascrapearts.com.br\/wp\/wp-json\/wp\/v2\/product\/11240","targetHints":{"allow":["GET"]}}],"collection":[{"href":"https:\/\/laylascrapearts.com.br\/wp\/wp-json\/wp\/v2\/product"}],"about":[{"href":"https:\/\/laylascrapearts.com.br\/wp\/wp-json\/wp\/v2\/types\/product"}],"replies":[{"embeddable":true,"href":"https:\/\/laylascrapearts.com.br\/wp\/wp-json\/wp\/v2\/comments?post=11240"}],"wp:featuredmedia":[{"embeddable":true,"href":"https:\/\/laylascrapearts.com.br\/wp\/wp-json\/wp\/v2\/media\/11241"}],"wp:attachment":[{"href":"https:\/\/laylascrapearts.com.br\/wp\/wp-json\/wp\/v2\/media?parent=11240"}],"wp:term":[{"taxonomy":"product_brand","embeddable":true,"href":"https:\/\/laylascrapearts.com.br\/wp\/wp-json\/wp\/v2\/product_brand?post=11240"},{"taxonomy":"product_cat","embeddable":true,"href":"https:\/\/laylascrapearts.com.br\/wp\/wp-json\/wp\/v2\/product_cat?post=11240"},{"taxonomy":"product_tag","embeddable":true,"href":"https:\/\/laylascrapearts.com.br\/wp\/wp-json\/wp\/v2\/product_tag?post=11240"}],"curies":[{"name":"wp","href":"https:\/\/api.w.org\/{rel}","templated":true}]}}