{"id":11204,"date":"2021-06-04T17:00:00","date_gmt":"2021-06-04T20:00:00","guid":{"rendered":"https:\/\/laylascrapearts.com.br\/?post_type=product&#038;p=11204"},"modified":"2025-07-21T10:14:59","modified_gmt":"2025-07-21T13:14:59","slug":"moldura-homemade-love-quadrada","status":"publish","type":"product","link":"https:\/\/laylascrapearts.com.br\/wp\/produto\/moldura-homemade-love-quadrada\/","title":{"rendered":"Moldura Homemade Love QUADRADA"},"content":{"rendered":"<p>Moldura Adesivada em Madeira Natural<\/p>\n<p>-Cont\u00e9m 04 pe\u00e7as: 03 molduras e 01 pe\u00e7as inteiri\u00e7a gravada<\/p>\n<p>-Medida: 10 CM<\/p>\n","protected":false},"excerpt":{"rendered":"<p>PRODUTO: Moldura<\/p>\n<p>TEMA: QUADRADA<\/p>\n<p>MEDIDA APROXIMADA: 10cm<\/p>\n<p>MARCA: Dany Peres [&#8230;]<\/p>\n<p><a class=\"btn btn-secondary understrap-read-more-link\" href=\"https:\/\/laylascrapearts.com.br\/wp\/produto\/moldura-homemade-love-quadrada\/\">Leia mais&#8230;<\/a><\/p>\n","protected":false},"featured_media":11190,"comment_status":"open","ping_status":"closed","template":"","meta":[],"product_brand":[],"product_cat":[24,208],"product_tag":[201,366,1251,446],"class_list":{"0":"post-11204","1":"product","2":"type-product","3":"status-publish","4":"has-post-thumbnail","6":"product_cat-acessorios","7":"product_cat-madeirinha","8":"product_tag-dany-peres","9":"product_tag-guirlanda","10":"product_tag-homemade-love","11":"product_tag-moldura","13":"first","14":"instock","15":"taxable","16":"shipping-taxable","17":"purchasable","18":"product-type-simple"},"_links":{"self":[{"href":"https:\/\/laylascrapearts.com.br\/wp\/wp-json\/wp\/v2\/product\/11204","targetHints":{"allow":["GET"]}}],"collection":[{"href":"https:\/\/laylascrapearts.com.br\/wp\/wp-json\/wp\/v2\/product"}],"about":[{"href":"https:\/\/laylascrapearts.com.br\/wp\/wp-json\/wp\/v2\/types\/product"}],"replies":[{"embeddable":true,"href":"https:\/\/laylascrapearts.com.br\/wp\/wp-json\/wp\/v2\/comments?post=11204"}],"wp:featuredmedia":[{"embeddable":true,"href":"https:\/\/laylascrapearts.com.br\/wp\/wp-json\/wp\/v2\/media\/11190"}],"wp:attachment":[{"href":"https:\/\/laylascrapearts.com.br\/wp\/wp-json\/wp\/v2\/media?parent=11204"}],"wp:term":[{"taxonomy":"product_brand","embeddable":true,"href":"https:\/\/laylascrapearts.com.br\/wp\/wp-json\/wp\/v2\/product_brand?post=11204"},{"taxonomy":"product_cat","embeddable":true,"href":"https:\/\/laylascrapearts.com.br\/wp\/wp-json\/wp\/v2\/product_cat?post=11204"},{"taxonomy":"product_tag","embeddable":true,"href":"https:\/\/laylascrapearts.com.br\/wp\/wp-json\/wp\/v2\/product_tag?post=11204"}],"curies":[{"name":"wp","href":"https:\/\/api.w.org\/{rel}","templated":true}]}}