{"id":10759,"date":"2021-05-06T17:45:53","date_gmt":"2021-05-06T20:45:53","guid":{"rendered":"https:\/\/laylascrapearts.com.br\/?post_type=product&#038;p=10759"},"modified":"2022-03-28T11:24:21","modified_gmt":"2022-03-28T14:24:21","slug":"titulo-em-acrilico-em-camada-happy-magia","status":"publish","type":"product","link":"https:\/\/laylascrapearts.com.br\/wp\/produto\/titulo-em-acrilico-em-camada-happy-magia\/","title":{"rendered":"T\u00edtulo em Acr\u00edlico em Camada Happy MAGIA"},"content":{"rendered":"<p>T\u00edtulo em Acr\u00edlico adesivado &#8211; 1 pe\u00e7a<br \/>\nPalavra: MAGIA<br \/>\nacrilico 3mm &#8211; tamanho 4x12cm<\/p>\n","protected":false},"excerpt":{"rendered":"<p>PRODUTO: T\u00edtulo Acr\u00edlico em Camada<br \/>\nCOLE\u00c7\u00c3O: Happy<br \/>\nTEMA: Magia<\/p>\n<p>MATERIAL: Acr\u00edlico Adesivado [&#8230;]<\/p>\n<p><a class=\"btn btn-secondary understrap-read-more-link\" href=\"https:\/\/laylascrapearts.com.br\/wp\/produto\/titulo-em-acrilico-em-camada-happy-magia\/\">Leia mais&#8230;<\/a><\/p>\n","protected":false},"featured_media":10662,"comment_status":"open","ping_status":"closed","template":"","meta":[],"product_brand":[],"product_cat":[24,484],"product_tag":[463,1220,1036],"class_list":{"0":"post-10759","1":"product","2":"type-product","3":"status-publish","4":"has-post-thumbnail","6":"product_cat-acessorios","7":"product_cat-acrilicos","8":"product_tag-carina-sartor","9":"product_tag-happy","10":"product_tag-titulo","12":"first","13":"instock","14":"taxable","15":"shipping-taxable","16":"purchasable","17":"product-type-simple"},"_links":{"self":[{"href":"https:\/\/laylascrapearts.com.br\/wp\/wp-json\/wp\/v2\/product\/10759","targetHints":{"allow":["GET"]}}],"collection":[{"href":"https:\/\/laylascrapearts.com.br\/wp\/wp-json\/wp\/v2\/product"}],"about":[{"href":"https:\/\/laylascrapearts.com.br\/wp\/wp-json\/wp\/v2\/types\/product"}],"replies":[{"embeddable":true,"href":"https:\/\/laylascrapearts.com.br\/wp\/wp-json\/wp\/v2\/comments?post=10759"}],"wp:featuredmedia":[{"embeddable":true,"href":"https:\/\/laylascrapearts.com.br\/wp\/wp-json\/wp\/v2\/media\/10662"}],"wp:attachment":[{"href":"https:\/\/laylascrapearts.com.br\/wp\/wp-json\/wp\/v2\/media?parent=10759"}],"wp:term":[{"taxonomy":"product_brand","embeddable":true,"href":"https:\/\/laylascrapearts.com.br\/wp\/wp-json\/wp\/v2\/product_brand?post=10759"},{"taxonomy":"product_cat","embeddable":true,"href":"https:\/\/laylascrapearts.com.br\/wp\/wp-json\/wp\/v2\/product_cat?post=10759"},{"taxonomy":"product_tag","embeddable":true,"href":"https:\/\/laylascrapearts.com.br\/wp\/wp-json\/wp\/v2\/product_tag?post=10759"}],"curies":[{"name":"wp","href":"https:\/\/api.w.org\/{rel}","templated":true}]}}