{"id":10685,"date":"2021-05-06T14:40:42","date_gmt":"2021-05-06T17:40:42","guid":{"rendered":"https:\/\/laylascrapearts.com.br\/?post_type=product&#038;p=10685"},"modified":"2021-05-24T11:10:21","modified_gmt":"2021-05-24T14:10:21","slug":"carimbo-happy-folhas-p","status":"publish","type":"product","link":"https:\/\/laylascrapearts.com.br\/wp\/produto\/carimbo-happy-folhas-p\/","title":{"rendered":"Carimbo Happy FOLHAS P"},"content":{"rendered":"<p>Carimbo em silicone \u201cclear\u201d<br \/>\nDimens\u00e3o: 6&#215;7 cm<br \/>\nPara us\u00e1-lo, \u00e9 necess\u00e1rio retirar da pel\u00edcula transparente e aplicar em base para carimbos\u00a0<a href=\"https:\/\/laylascrapearts.com.br\/categoria-produto\/ferramentas\/bases-de-precisao\/\">https:\/\/laylascrapearts.com.br\/categoria-produto\/ferramentas\/bases-de-precisao\/<\/a><\/p>\n","protected":false},"excerpt":{"rendered":"<p>PRODUTO: Cartela de Carimbos<br \/>\nCOLE\u00c7\u00c3O: Happy<br \/>\nTEMA: Folhas<br \/>\nMATERIAL: Silicone [&#8230;]<\/p>\n<p><a class=\"btn btn-secondary understrap-read-more-link\" href=\"https:\/\/laylascrapearts.com.br\/wp\/produto\/carimbo-happy-folhas-p\/\">Leia mais&#8230;<\/a><\/p>\n","protected":false},"featured_media":10673,"comment_status":"open","ping_status":"closed","template":"","meta":[],"product_brand":[],"product_cat":[154,711],"product_tag":[463,193,1220,181],"class_list":{"0":"post-10685","1":"product","2":"type-product","3":"status-publish","4":"has-post-thumbnail","6":"product_cat-carimbos","7":"product_cat-carina-sartor-carimbos","8":"product_tag-carina-sartor","9":"product_tag-floral","10":"product_tag-happy","11":"product_tag-jardim","13":"first","14":"instock","15":"taxable","16":"shipping-taxable","17":"purchasable","18":"product-type-simple"},"_links":{"self":[{"href":"https:\/\/laylascrapearts.com.br\/wp\/wp-json\/wp\/v2\/product\/10685","targetHints":{"allow":["GET"]}}],"collection":[{"href":"https:\/\/laylascrapearts.com.br\/wp\/wp-json\/wp\/v2\/product"}],"about":[{"href":"https:\/\/laylascrapearts.com.br\/wp\/wp-json\/wp\/v2\/types\/product"}],"replies":[{"embeddable":true,"href":"https:\/\/laylascrapearts.com.br\/wp\/wp-json\/wp\/v2\/comments?post=10685"}],"wp:featuredmedia":[{"embeddable":true,"href":"https:\/\/laylascrapearts.com.br\/wp\/wp-json\/wp\/v2\/media\/10673"}],"wp:attachment":[{"href":"https:\/\/laylascrapearts.com.br\/wp\/wp-json\/wp\/v2\/media?parent=10685"}],"wp:term":[{"taxonomy":"product_brand","embeddable":true,"href":"https:\/\/laylascrapearts.com.br\/wp\/wp-json\/wp\/v2\/product_brand?post=10685"},{"taxonomy":"product_cat","embeddable":true,"href":"https:\/\/laylascrapearts.com.br\/wp\/wp-json\/wp\/v2\/product_cat?post=10685"},{"taxonomy":"product_tag","embeddable":true,"href":"https:\/\/laylascrapearts.com.br\/wp\/wp-json\/wp\/v2\/product_tag?post=10685"}],"curies":[{"name":"wp","href":"https:\/\/api.w.org\/{rel}","templated":true}]}}