{"id":10566,"date":"2021-05-06T10:22:51","date_gmt":"2021-05-06T13:22:51","guid":{"rendered":"https:\/\/laylascrapearts.com.br\/?post_type=product&#038;p=10566"},"modified":"2021-05-27T10:49:38","modified_gmt":"2021-05-27T13:49:38","slug":"bottons-mais-boas-vibracoes-esperanca","status":"publish","type":"product","link":"https:\/\/laylascrapearts.com.br\/wp\/produto\/bottons-mais-boas-vibracoes-esperanca\/","title":{"rendered":"Bottons Mais Boas Vibra\u00e7\u00f5es ESPERAN\u00c7A"},"content":{"rendered":"<p><span lang=\"PT-BR\">-Produto especialmente indicado para projetos de SCRAPBOOK, SCRAP DECOR e ARTES EM GERAL;<\/span><\/p>\n<p><span lang=\"PT-BR\">-Cartela com 03 Bottons em Tamanhos Variados;<\/span><\/p>\n<p><span lang=\"PT-BR\">-Bottons SEM PRESILHA;<\/span><\/p>\n<p><span lang=\"PT-BR\">-Acompanha 03 \u00cdm\u00e3s Adesivados;<\/span><\/p>\n<p>Tamanho 2,5cm 3,5cm e 5,5cm<\/p>\n","protected":false},"excerpt":{"rendered":"<p>PRODUTO: Cartela de Bottons<br \/>\nCOLE\u00c7\u00c3O: MAIS BOAS VIBRA\u00c7\u00d5ES<br \/>\nTEMA: Esperan\u00e7a<br \/>\nMATERIAL: Metal\/ Pl\u00e1stico [&#8230;]<\/p>\n<p><a class=\"btn btn-secondary understrap-read-more-link\" href=\"https:\/\/laylascrapearts.com.br\/wp\/produto\/bottons-mais-boas-vibracoes-esperanca\/\">Leia mais&#8230;<\/a><\/p>\n","protected":false},"featured_media":10534,"comment_status":"open","ping_status":"closed","template":"","meta":[],"product_brand":[],"product_cat":[24,172],"product_tag":[987,1221],"class_list":{"0":"post-10566","1":"product","2":"type-product","3":"status-publish","4":"has-post-thumbnail","6":"product_cat-acessorios","7":"product_cat-bottons","8":"product_tag-it-lov","9":"product_tag-mais-boas-vibracoes","11":"first","12":"instock","13":"taxable","14":"shipping-taxable","15":"purchasable","16":"product-type-simple"},"_links":{"self":[{"href":"https:\/\/laylascrapearts.com.br\/wp\/wp-json\/wp\/v2\/product\/10566","targetHints":{"allow":["GET"]}}],"collection":[{"href":"https:\/\/laylascrapearts.com.br\/wp\/wp-json\/wp\/v2\/product"}],"about":[{"href":"https:\/\/laylascrapearts.com.br\/wp\/wp-json\/wp\/v2\/types\/product"}],"replies":[{"embeddable":true,"href":"https:\/\/laylascrapearts.com.br\/wp\/wp-json\/wp\/v2\/comments?post=10566"}],"wp:featuredmedia":[{"embeddable":true,"href":"https:\/\/laylascrapearts.com.br\/wp\/wp-json\/wp\/v2\/media\/10534"}],"wp:attachment":[{"href":"https:\/\/laylascrapearts.com.br\/wp\/wp-json\/wp\/v2\/media?parent=10566"}],"wp:term":[{"taxonomy":"product_brand","embeddable":true,"href":"https:\/\/laylascrapearts.com.br\/wp\/wp-json\/wp\/v2\/product_brand?post=10566"},{"taxonomy":"product_cat","embeddable":true,"href":"https:\/\/laylascrapearts.com.br\/wp\/wp-json\/wp\/v2\/product_cat?post=10566"},{"taxonomy":"product_tag","embeddable":true,"href":"https:\/\/laylascrapearts.com.br\/wp\/wp-json\/wp\/v2\/product_tag?post=10566"}],"curies":[{"name":"wp","href":"https:\/\/api.w.org\/{rel}","templated":true}]}}