{"id":10565,"date":"2021-05-06T10:18:42","date_gmt":"2021-05-06T13:18:42","guid":{"rendered":"https:\/\/laylascrapearts.com.br\/?post_type=product&#038;p=10565"},"modified":"2021-05-24T10:37:45","modified_gmt":"2021-05-24T13:37:45","slug":"cartela-chipboard-mais-boas-vibracoes-terra-e-fogo","status":"publish","type":"product","link":"https:\/\/laylascrapearts.com.br\/wp\/produto\/cartela-chipboard-mais-boas-vibracoes-terra-e-fogo\/","title":{"rendered":"Cartela Chipboard Mais Boas Vibra\u00e7\u00f5es TERRA E FOGO"},"content":{"rendered":"<p>Ideal para\u00a0scrapbook, planners e artesanato em geral.<br \/>\nEmbalagem com 9\u00a0pe\u00e7as\u00a0(6 chipboard pretos\u00a0+\u00a02 horlle +\u00a01 acetato para shaker)<br \/>\nOBS: Antes de usar\u00a0retirar a\u00a0\u00a0pel\u00edcula de prote\u00e7\u00e3o de ambos os lados\u00a0do acetato<br \/>\nTamanhos diversos.<br \/>\nMedidas da cartela: 10 x 15cm<\/p>\n","protected":false},"excerpt":{"rendered":"<p>PRODUTO: Cartela de Enfeites<br \/>\nCOLE\u00c7\u00c3O: MAIS BOAS VIBRA\u00c7\u00d5ES<br \/>\nTEMA: Terra e Fogo<br \/>\nMATERIAL: Chipboard Preto<\/p>\n<p>Embalagem com 9\u00a0pe\u00e7as\u00a0(6 chipboard pretos\u00a0+\u00a02 horlle +\u00a01 acetato para shaker)<br \/>\nOBS: Antes de usar\u00a0retirar a\u00a0\u00a0pel\u00edcula de prote\u00e7\u00e3o de ambos os lados\u00a0do acetato [&#8230;]<\/p>\n<p><a class=\"btn btn-secondary understrap-read-more-link\" href=\"https:\/\/laylascrapearts.com.br\/wp\/produto\/cartela-chipboard-mais-boas-vibracoes-terra-e-fogo\/\">Leia mais&#8230;<\/a><\/p>\n","protected":false},"featured_media":10538,"comment_status":"open","ping_status":"closed","template":"","meta":[],"product_brand":[],"product_cat":[24,165,1092],"product_tag":[987,1221],"class_list":{"0":"post-10565","1":"product","2":"type-product","3":"status-publish","4":"has-post-thumbnail","6":"product_cat-acessorios","7":"product_cat-chipboard-apliques","8":"product_cat-shaker-box","9":"product_tag-it-lov","10":"product_tag-mais-boas-vibracoes","12":"first","13":"instock","14":"taxable","15":"shipping-taxable","16":"purchasable","17":"product-type-simple"},"_links":{"self":[{"href":"https:\/\/laylascrapearts.com.br\/wp\/wp-json\/wp\/v2\/product\/10565","targetHints":{"allow":["GET"]}}],"collection":[{"href":"https:\/\/laylascrapearts.com.br\/wp\/wp-json\/wp\/v2\/product"}],"about":[{"href":"https:\/\/laylascrapearts.com.br\/wp\/wp-json\/wp\/v2\/types\/product"}],"replies":[{"embeddable":true,"href":"https:\/\/laylascrapearts.com.br\/wp\/wp-json\/wp\/v2\/comments?post=10565"}],"wp:featuredmedia":[{"embeddable":true,"href":"https:\/\/laylascrapearts.com.br\/wp\/wp-json\/wp\/v2\/media\/10538"}],"wp:attachment":[{"href":"https:\/\/laylascrapearts.com.br\/wp\/wp-json\/wp\/v2\/media?parent=10565"}],"wp:term":[{"taxonomy":"product_brand","embeddable":true,"href":"https:\/\/laylascrapearts.com.br\/wp\/wp-json\/wp\/v2\/product_brand?post=10565"},{"taxonomy":"product_cat","embeddable":true,"href":"https:\/\/laylascrapearts.com.br\/wp\/wp-json\/wp\/v2\/product_cat?post=10565"},{"taxonomy":"product_tag","embeddable":true,"href":"https:\/\/laylascrapearts.com.br\/wp\/wp-json\/wp\/v2\/product_tag?post=10565"}],"curies":[{"name":"wp","href":"https:\/\/api.w.org\/{rel}","templated":true}]}}